{"id":982,"date":"2024-05-12T14:45:31","date_gmt":"2024-05-12T14:45:31","guid":{"rendered":"https:\/\/sgr-arges.ro\/?page_id=982"},"modified":"2024-05-12T15:03:24","modified_gmt":"2024-05-12T15:03:24","slug":"concursul-regional-terra-de-la-poveste-la-realitate","status":"publish","type":"page","link":"https:\/\/sgr-arges.ro\/index.php\/concursul-regional-terra-de-la-poveste-la-realitate\/","title":{"rendered":"Concursul regional \u201dTerra de la poveste la realitate\u201d"},"content":{"rendered":"\n<p><em><strong>Concursul regional\u201d Terra de la poveste la realitate\u201d &nbsp;pentru clasele V-VII, etapa jude\u021bean\u0103 &nbsp;<\/strong><\/em>s-a  desf\u0103\u0219urat s\u00e2mb\u0103t\u0103,&nbsp;<strong>11 mai 2024<\/strong>, \u00eencep\u00e2nd cu ora&nbsp;0<strong>9.00<\/strong>, \u00een&nbsp;<strong>centrul de concurs<\/strong>&nbsp;de la \u0218coala Gimnazial\u0103 \u201dIon Pillat\u201d, Pite\u0219ti.<\/p>\n\n\n\n<p>Reparti\u021bia pe s\u0103li <\/p>\n\n\n<a href=\"https:\/\/sgr-arges.ro\/wp-content\/uploads\/2024\/05\/Sali_Concurs-Geografie-Terra-de-la-poveste-la-realitate.pdf\" class=\"pdfemb-viewer\" style=\"\" data-width=\"max\" data-height=\"max\" data-toolbar=\"bottom\" data-toolbar-fixed=\"off\">Sali_Concurs-Geografie-Terra-de-la-poveste-la-realitate<\/a>\n<p class=\"wp-block-pdfemb-pdf-embedder-viewer\"><\/p>\n\n\n\n<p><strong>REZULTATE CONCURS<\/strong><\/p>\n\n\n<a href=\"https:\/\/sgr-arges.ro\/wp-content\/uploads\/2024\/05\/Rezultate-finale_clasa-a-V-a.pdf\" class=\"pdfemb-viewer\" style=\"\" data-width=\"max\" data-height=\"max\" data-toolbar=\"bottom\" data-toolbar-fixed=\"off\">Rezultate-finale_clasa-a-V-a<\/a>\n<p class=\"wp-block-pdfemb-pdf-embedder-viewer\"><\/p>\n\n\n<a href=\"https:\/\/sgr-arges.ro\/wp-content\/uploads\/2024\/05\/Rezultare-finale_clasa-a-VI-a.pdf\" class=\"pdfemb-viewer\" style=\"\" data-width=\"max\" data-height=\"max\" data-toolbar=\"bottom\" data-toolbar-fixed=\"off\">Rezultare-finale_clasa-a-VI-a<\/a>\n<p class=\"wp-block-pdfemb-pdf-embedder-viewer\"><\/p>\n\n\n<a href=\"https:\/\/sgr-arges.ro\/wp-content\/uploads\/2024\/05\/Rezultate-finale_clasa-a-VII-a.pdf\" class=\"pdfemb-viewer\" style=\"\" data-width=\"max\" data-height=\"max\" data-toolbar=\"bottom\" data-toolbar-fixed=\"off\">Rezultate-finale_clasa-a-VII-a<\/a>\n<p class=\"wp-block-pdfemb-pdf-embedder-viewer\"><\/p>\n","protected":false},"excerpt":{"rendered":"<p>Concursul regional\u201d Terra de la poveste la realitate\u201d &nbsp;pentru clasele V-VII, etapa jude\u021bean\u0103 &nbsp;s-a desf\u0103\u0219urat s\u00e2mb\u0103t\u0103,&nbsp;11 mai 2024, \u00eencep\u00e2nd cu &hellip; <\/p>\n","protected":false},"author":1,"featured_media":0,"parent":0,"menu_order":0,"comment_status":"closed","ping_status":"closed","template":"","meta":{"_themeisle_gutenberg_block_has_review":false,"footnotes":""},"class_list":["post-982","page","type-page","status-publish","hentry"],"_links":{"self":[{"href":"https:\/\/sgr-arges.ro\/index.php\/wp-json\/wp\/v2\/pages\/982","targetHints":{"allow":["GET"]}}],"collection":[{"href":"https:\/\/sgr-arges.ro\/index.php\/wp-json\/wp\/v2\/pages"}],"about":[{"href":"https:\/\/sgr-arges.ro\/index.php\/wp-json\/wp\/v2\/types\/page"}],"author":[{"embeddable":true,"href":"https:\/\/sgr-arges.ro\/index.php\/wp-json\/wp\/v2\/users\/1"}],"replies":[{"embeddable":true,"href":"https:\/\/sgr-arges.ro\/index.php\/wp-json\/wp\/v2\/comments?post=982"}],"version-history":[{"count":5,"href":"https:\/\/sgr-arges.ro\/index.php\/wp-json\/wp\/v2\/pages\/982\/revisions"}],"predecessor-version":[{"id":994,"href":"https:\/\/sgr-arges.ro\/index.php\/wp-json\/wp\/v2\/pages\/982\/revisions\/994"}],"wp:attachment":[{"href":"https:\/\/sgr-arges.ro\/index.php\/wp-json\/wp\/v2\/media?parent=982"}],"curies":[{"name":"wp","href":"https:\/\/api.w.org\/{rel}","templated":true}]}}