{"id":89,"date":"2021-02-14T04:06:20","date_gmt":"2021-02-14T04:06:20","guid":{"rendered":"https:\/\/sgr-arges.ro\/?page_id=89"},"modified":"2024-10-12T08:19:11","modified_gmt":"2024-10-12T08:19:11","slug":"membrii-sgr-filiala-arges","status":"publish","type":"page","link":"https:\/\/sgr-arges.ro\/index.php\/home\/membrii-sgr-filiala-arges\/","title":{"rendered":"Membrii SGR Filiala Arge\u0219"},"content":{"rendered":"\r\n<p class=\"has-text-align-center\">Cu ocazia Congresului desf\u0103\u0219urat \u00een data de\u00a022 noiembrie 2009, la Pite\u0219ti, a fost aleas\u0103 urm\u0103toarea conducere:<\/p>\r\n\r\n\r\n\r\n<p><strong>Pre\u0219edinte al Societ\u0103\u021bii de Geografie din Rom\u00e2nia<\/strong> <strong>Filiala Arge\u0219<\/strong>:<\/p>\r\n\r\n\r\n\r\n<ol class=\"wp-block-list\" type=\"1\">\r\n<li><strong>Prof. Sebastian Victorian\u00a0FLORESCU<\/strong> (\u015ecoala Gimnazial\u0103 \u201eMihai\u00a0 Eminescu\u201d Pite\u015fti)<\/li>\r\n<\/ol>\r\n\r\n\r\n\r\n<p>Tel: 0740022089<\/p>\r\n\r\n\r\n\r\n<p>Email: <a href=\"mailto:sebastianflorescu@yahoo.com\">sebastianflorescu@yahoo.com<\/a><\/p>\r\n\r\n\r\n\r\n<p><strong>Vicepre\u0219edin\u021bi ai Societ\u0103\u021bii de Geografie din Rom\u00e2nia<\/strong> <strong>Filiala Arge\u0219<\/strong>:<\/p>\r\n\r\n\r\n\r\n<p>2.\u00a0<strong>Prof. dr. Lauren\u021biu MUSTA\u021a\u0102<\/strong><\/p>\r\n\r\n\r\n\r\n<p>Tel: 0722393320<\/p>\r\n\r\n\r\n\r\n<p>Email: <span class=\"has-inline-color has-black-color\"><a href=\"mailto:mustata.laurentiu@yahoo.com\">mustata.laurentiu@yahoo.com<\/a><\/span><\/p>\r\n\r\n\r\n\r\n<p>3.\u00a0<strong>Prof. Adrian HERNEST<\/strong><\/p>\r\n\r\n\r\n\r\n<p>Tel: 0725585859<\/p>\r\n\r\n\r\n\r\n<p>Email: <a href=\"mailto:hergeo2000@yahoo.com\">hergeo2000@yahoo.com<\/a><\/p>\r\n\r\n\r\n\r\n<p><strong>Secretar al Societ\u0103\u021bii de Geografie din Rom\u00e2nia<\/strong> <strong>Filiala Arge\u0219<\/strong><\/p>\r\n\r\n\r\n\r\n<p>4. <strong>Prof. dr. M\u0103d\u0103lina DELAYAT<\/strong><\/p>\r\n\r\n\r\n\r\n<p>Tel: 0741230133<\/p>\r\n\r\n\r\n\r\n<p>Email: <a href=\"mailto:madigeo2003@yahoo.com\">madigeo2003@yahoo.com<\/a><\/p>\r\n\r\n\r\n\r\n<p><strong>Cenzor:<\/strong><\/p>\r\n\r\n\r\n\r\n<p>5<span class=\"has-inline-color has-vivid-cyan-blue-color\">.<\/span> <strong>Prof. Vasilica GHERGHE<\/strong><\/p>\r\n\r\n\r\n\r\n<p>Tel: 0748124333<\/p>\r\n\r\n\r\n\r\n<p>Email: \u00a0<a href=\"mailto:gherghe.mirela@yahoo.com\">gherghe.mirela@yahoo.com<\/a><\/p>\r\n\r\n\r\n\r\n<p>\u00cen temeiul Statutului SGR Filiala Arge\u0219, cu modific\u0103rile \u015fi complet\u0103rile aprobate cu ocazia Congresului desf\u0103\u0219urat \u00een data de 22 noiembrie 2009, , Biroul Executiv al Societ\u0103\u021bii de Geografie din Rom\u00e2nia Filiala Arge\u0219 a aprobat urm\u0103toarea schem\u0103 de organizare intern\u0103.<\/p>\r\n\r\n\r\n\r\n<p>FI\u0218\u0102 DE POST PRE\u0218EDINTE<\/p>\r\n\r\n\r\n\r\n<p>FI\u0218E DE POST VICEPRE\u0218EDIN\u021aI<\/p>\r\n\r\n\r\n\r\n<p>FISA DE POST SECRETAR<\/p>\r\n\r\n\r\n\r\n<p>FI\u0218A DE POST CENZOR<\/p>\r\n\r\n\r\n\r\n<p><strong>Membri fondatori SGR Filiala Arge\u0219<\/strong><\/p>\r\n<ol>\r\n<li style=\"text-align: left;\">FLORESCU SEBASTIAN-VICTORIAN\u00a0<\/li>\r\n<li style=\"text-align: left;\">MUSTA\u021a\u0102 LAUREN\u021aIU\u00a0<\/li>\r\n<li style=\"text-align: left;\">COM\u0102NESCU ELENA-AMALIA<\/li>\r\n<li style=\"text-align: left;\">GOGONCEA ANCA-CRSTINA\u00a0<\/li>\r\n<li style=\"text-align: left;\">HERNEST ADRIAN\u00a0<\/li>\r\n<li style=\"text-align: left;\">ENACHE IONU\u021a\u00a0\u00a0<\/li>\r\n<li style=\"text-align: left;\">B\u0102DESCU BEATRICE-MIHAELA\u00a0<\/li>\r\n<li style=\"text-align: left;\">DELAYAT ELENA-M\u0102D\u0102LINA\u00a0<\/li>\r\n<li style=\"text-align: left;\">GHERGHE VASILICA<\/li>\r\n<li style=\"text-align: left;\">MATEI GABRIEL-ION\u00a0<\/li>\r\n<li style=\"text-align: left;\">GREAVU MIRELA-VASILICA\u00a0<\/li>\r\n<li style=\"text-align: left;\">OVEJANU DANA-MARIA\u00a0<\/li>\r\n<li style=\"text-align: left;\">ANGHEL ELENA-RAMONA\u00a0<\/li>\r\n<li style=\"text-align: left;\">CORBU PAULA-ANAMARIA\u00a0 \u00a0\u00a0<\/li>\r\n<li style=\"text-align: left;\">BELDIE MIHAELA\u00a0<\/li>\r\n<li style=\"text-align: left;\">PROISTOSESCU CRISTIAN\u00a0<\/li>\r\n<\/ol>\r\n<p style=\"text-align: left;\">\u00a0<\/p>\r\n","protected":false},"excerpt":{"rendered":"<p>Cu ocazia Congresului desf\u0103\u0219urat \u00een data de\u00a022 noiembrie 2009, la Pite\u0219ti, a fost aleas\u0103 urm\u0103toarea conducere: Pre\u0219edinte al Societ\u0103\u021bii de &hellip; <\/p>\n","protected":false},"author":1,"featured_media":0,"parent":23,"menu_order":1,"comment_status":"closed","ping_status":"closed","template":"","meta":{"_themeisle_gutenberg_block_has_review":false,"footnotes":""},"class_list":["post-89","page","type-page","status-publish","hentry"],"_links":{"self":[{"href":"https:\/\/sgr-arges.ro\/index.php\/wp-json\/wp\/v2\/pages\/89","targetHints":{"allow":["GET"]}}],"collection":[{"href":"https:\/\/sgr-arges.ro\/index.php\/wp-json\/wp\/v2\/pages"}],"about":[{"href":"https:\/\/sgr-arges.ro\/index.php\/wp-json\/wp\/v2\/types\/page"}],"author":[{"embeddable":true,"href":"https:\/\/sgr-arges.ro\/index.php\/wp-json\/wp\/v2\/users\/1"}],"replies":[{"embeddable":true,"href":"https:\/\/sgr-arges.ro\/index.php\/wp-json\/wp\/v2\/comments?post=89"}],"version-history":[{"count":11,"href":"https:\/\/sgr-arges.ro\/index.php\/wp-json\/wp\/v2\/pages\/89\/revisions"}],"predecessor-version":[{"id":1165,"href":"https:\/\/sgr-arges.ro\/index.php\/wp-json\/wp\/v2\/pages\/89\/revisions\/1165"}],"up":[{"embeddable":true,"href":"https:\/\/sgr-arges.ro\/index.php\/wp-json\/wp\/v2\/pages\/23"}],"wp:attachment":[{"href":"https:\/\/sgr-arges.ro\/index.php\/wp-json\/wp\/v2\/media?parent=89"}],"curies":[{"name":"wp","href":"https:\/\/api.w.org\/{rel}","templated":true}]}}