{"id":822,"date":"2024-01-19T08:55:54","date_gmt":"2024-01-19T08:55:54","guid":{"rendered":"https:\/\/sgr-arges.ro\/?page_id=822"},"modified":"2024-01-23T08:39:50","modified_gmt":"2024-01-23T08:39:50","slug":"concursul-de-geografie-ionel-tuta-2024","status":"publish","type":"page","link":"https:\/\/sgr-arges.ro\/index.php\/concursul-de-geografie-ionel-tuta-2024\/","title":{"rendered":"CONCURSUL DE GEOGRAFIE IONEL \u021aU\u021a\u0102 2024"},"content":{"rendered":"\n<figure class=\"wp-block-image size-large is-resized\"><img loading=\"lazy\" decoding=\"async\" src=\"https:\/\/sgr-arges.ro\/wp-content\/uploads\/2024\/01\/Copy-of-28IANUARIE2023-1-1-1024x587.jpg\" alt=\"\" class=\"wp-image-841\" width=\"840\" height=\"481\" srcset=\"https:\/\/sgr-arges.ro\/wp-content\/uploads\/2024\/01\/Copy-of-28IANUARIE2023-1-1-1024x587.jpg 1024w, https:\/\/sgr-arges.ro\/wp-content\/uploads\/2024\/01\/Copy-of-28IANUARIE2023-1-1-300x172.jpg 300w, https:\/\/sgr-arges.ro\/wp-content\/uploads\/2024\/01\/Copy-of-28IANUARIE2023-1-1-768x440.jpg 768w, https:\/\/sgr-arges.ro\/wp-content\/uploads\/2024\/01\/Copy-of-28IANUARIE2023-1-1-1536x881.jpg 1536w, https:\/\/sgr-arges.ro\/wp-content\/uploads\/2024\/01\/Copy-of-28IANUARIE2023-1-1.jpg 1587w\" sizes=\"auto, (max-width: 840px) 100vw, 840px\" \/><\/figure>\n\n\n\n<p class=\"has-black-color has-vivid-green-cyan-background-color has-text-color has-background\"><a href=\"https:\/\/forms.gle\/xrspdT3eqhFerytT8\" data-type=\"URL\"><strong>FORMULAR D<\/strong><\/a><strong><a href=\"https:\/\/forms.gle\/xrspdT3eqhFerytT8\" data-type=\"URL\">E \u00ceNSCRIERE<\/a>  (dat\u0103 limit\u0103 16.01.2024)<\/strong><\/p>\n\n\n<a href=\"https:\/\/sgr-arges.ro\/wp-content\/uploads\/2024\/01\/PREZENTARE-REGULAMENT-INVITATIE.pdf\" class=\"pdfemb-viewer\" style=\"\" data-width=\"max\" data-height=\"max\" data-toolbar=\"bottom\" data-toolbar-fixed=\"off\">PREZENTARE-REGULAMENT-INVITATIE<\/a>\n<p class=\"wp-block-pdfemb-pdf-embedder-viewer\"><\/p>\n\n\n\n<p class=\"has-black-color has-luminous-vivid-amber-background-color has-text-color has-background\"><a href=\"https:\/\/sgr-arges.ro\/wp-content\/uploads\/2024\/01\/Unitati-participante-Concurs-Judetean-de-Geografie-2024.pdf\"><strong>Unit\u0103\u021bi participante Concurs Jude\u021bean de Geografie, 2024<\/strong><\/a><\/p>\n\n\n<a href=\"https:\/\/sgr-arges.ro\/wp-content\/uploads\/2024\/01\/Unitati-participante-Concurs-Judetean-de-Geografie-2024.pdf\" class=\"pdfemb-viewer\" style=\"\" data-width=\"max\" data-height=\"max\" data-toolbar=\"bottom\" data-toolbar-fixed=\"off\">Unitati-participante-Concurs-Judetean-de-Geografie-2024<\/a>\n<p class=\"wp-block-pdfemb-pdf-embedder-viewer\"><\/p>\n\n\n\n<p class=\"has-luminous-vivid-orange-background-color has-background\"><strong><span class=\"has-inline-color has-black-color\">REPARTIZAREA PARTICIPAN\u021aILOR PE S\u0102LI<\/span><\/strong><\/p>\n\n\n<a href=\"https:\/\/sgr-arges.ro\/wp-content\/uploads\/2024\/01\/Repartizare-sali-2024-1.pdf\" class=\"pdfemb-viewer\" style=\"\" data-width=\"max\" data-height=\"max\" data-toolbar=\"bottom\" data-toolbar-fixed=\"off\">Repartizare-sali-2024-1<\/a>\n<p class=\"wp-block-pdfemb-pdf-embedder-viewer\"><\/p>\n\n\n\n<p><\/p>\n","protected":false},"excerpt":{"rendered":"<p>FORMULAR DE \u00ceNSCRIERE (dat\u0103 limit\u0103 16.01.2024) Unit\u0103\u021bi participante Concurs Jude\u021bean de Geografie, 2024 REPARTIZAREA PARTICIPAN\u021aILOR PE S\u0102LI<\/p>\n","protected":false},"author":1,"featured_media":0,"parent":0,"menu_order":0,"comment_status":"closed","ping_status":"closed","template":"","meta":{"_themeisle_gutenberg_block_has_review":false,"footnotes":""},"class_list":["post-822","page","type-page","status-publish","hentry"],"_links":{"self":[{"href":"https:\/\/sgr-arges.ro\/index.php\/wp-json\/wp\/v2\/pages\/822","targetHints":{"allow":["GET"]}}],"collection":[{"href":"https:\/\/sgr-arges.ro\/index.php\/wp-json\/wp\/v2\/pages"}],"about":[{"href":"https:\/\/sgr-arges.ro\/index.php\/wp-json\/wp\/v2\/types\/page"}],"author":[{"embeddable":true,"href":"https:\/\/sgr-arges.ro\/index.php\/wp-json\/wp\/v2\/users\/1"}],"replies":[{"embeddable":true,"href":"https:\/\/sgr-arges.ro\/index.php\/wp-json\/wp\/v2\/comments?post=822"}],"version-history":[{"count":24,"href":"https:\/\/sgr-arges.ro\/index.php\/wp-json\/wp\/v2\/pages\/822\/revisions"}],"predecessor-version":[{"id":946,"href":"https:\/\/sgr-arges.ro\/index.php\/wp-json\/wp\/v2\/pages\/822\/revisions\/946"}],"wp:attachment":[{"href":"https:\/\/sgr-arges.ro\/index.php\/wp-json\/wp\/v2\/media?parent=822"}],"curies":[{"name":"wp","href":"https:\/\/api.w.org\/{rel}","templated":true}]}}