{"id":572,"date":"2023-06-22T19:51:24","date_gmt":"2023-06-22T19:51:24","guid":{"rendered":"https:\/\/sgr-arges.ro\/?page_id=572"},"modified":"2025-01-28T12:22:58","modified_gmt":"2025-01-28T12:22:58","slug":"anunturi","status":"publish","type":"page","link":"https:\/\/sgr-arges.ro\/index.php\/anunturi\/","title":{"rendered":"Anun\u021buri"},"content":{"rendered":"\r\n<div class=\"wp-block-group\"><div class=\"wp-block-group__inner-container is-layout-flow wp-block-group-is-layout-flow\">\r\n<div class=\"wp-block-group\">\r\n<div class=\"wp-block-group\">\r\n<p><strong>ANUN\u021a <\/strong>INFORMARE. A fost aprobat proiectul ERASMUS, <em>Eco-Digital. Competente digitale pentru protec\u021bia mediului in r\u00e2ndul adul\u021bilor<\/em> cu num\u0103rul de referin\u021b\u0103: 2024-2-RO01-KA122-ADU-000279641<\/p>\r\n<hr class=\"wp-block-separator has-text-color has-background has-vivid-green-cyan-background-color has-vivid-green-cyan-color is-style-wide\" \/>\r\n<p><strong>ANUN\u021a <\/strong>INVITA\u021aIE <strong>Concurs Jude\u021bean \u201dIonel \u021au\u021b\u0103\u201d<\/strong> &#8211;<strong>01 februarie 2025<\/strong>. Pentru a v\u0103 \u00eenscrie, v\u0103 rug\u0103m s\u0103 accesa\u021bi urm\u0103torul link\u00a0<a href=\"https:\/\/forms.gle\/cvkifQkXBU3agXyT9\">https:\/\/forms.gle\/cvkifQkXBU3agXyT9<\/a><\/p>\r\n<\/div>\r\n<hr class=\"wp-block-separator has-text-color has-background has-vivid-green-cyan-background-color has-vivid-green-cyan-color is-style-wide\" \/>\r\n<div class=\"wp-block-group\">\r\n<p><strong>ANUN\u021a <\/strong>INVITA\u021aIE <strong>Simpozionulul Jude\u021bean \u201dNicolae Laz\u0103r\u201d<\/strong> &#8211;<strong>16 noiembrie 2024<\/strong>. Pentru a v\u0103 \u00eenscrie, v\u0103 rug\u0103m s\u0103 accesa\u021bi urm\u0103torul link:\u00a0<a href=\"https:\/\/forms.gle\/8YA1AC8Fcnvduy4P7\">https:\/\/forms.gle\/8YA1AC8Fcnvduy4P7<\/a><\/p>\r\n<\/div>\r\n<\/div>\r\n<\/div>\r\n<hr class=\"wp-block-separator has-text-color has-background has-vivid-green-cyan-background-color has-vivid-green-cyan-color is-style-wide\" \/>\r\n<div class=\"wp-block-group\">\r\n<p><strong><em>A<\/em>NUN\u021a<\/strong> <em><strong>Concursul regional\u201d Terra de la poveste la realitate\u201d \u00a0pentru clasele V-VII, etapa jude\u021bean\u0103 \u00a0<\/strong><\/em>se va desf\u0103\u0219ura s\u00e2mb\u0103t\u0103,\u00a0<strong>11 mai 2024<\/strong>, \u00eencep\u00e2nd cu ora\u00a00<strong>9.00<\/strong>, \u00een\u00a0<strong>centrul de concurs<\/strong>\u00a0de la \u0218coala Gimnazial\u0103 \u201dIon Pillat\u201d, Pite\u0219ti.<\/p>\r\n<p><strong>IMPORTANT!<\/strong>\u00a0Profesorul coordonator completeaz\u0103 datele pentru fiecare elev participant la etapa jude\u021bean\u0103 p\u00e2n\u0103 la data de 8 mai 2024, ora 12.00 \u00een formularul de mai jos: <a href=\"https:\/\/forms.gle\/vXqcPKNoRdw9dKZ58\" data-type=\"URL\" data-id=\"https:\/\/forms.gle\/vXqcPKNoRdw9dKZ58\">https:\/\/forms.gle\/vXqcPKNoRdw9dKZ58<\/a><\/p>\r\n<hr class=\"wp-block-separator has-text-color has-background has-vivid-green-cyan-background-color has-vivid-green-cyan-color is-style-wide\" \/>\r\n<p><strong>ANUN\u021a <\/strong>Concursul jude\u021bean de geografie \u201eIonel \u021au\u021b\u0103\u201d pentru clasele IV-XII, se va desf\u0103\u0219ura s\u00e2mb\u0103t\u0103, <strong>20 ianuarie 202<\/strong>4, \u00eencep\u00e2nd cu ora 10.00, \u00een centrul de concurs de la \u0218coala Gimnazial\u0103 \u201dMihai Eminescu\u201d, Pite\u0219ti.<\/p>\r\n<hr class=\"wp-block-separator has-text-color has-background has-vivid-green-cyan-background-color has-vivid-green-cyan-color is-style-wide\" \/>\r\n<p><strong>ANUN\u021a <\/strong>INVITA\u021aIE <strong>Simpozionulul Jude\u021bean \u201dNicolae Laz\u0103r\u201d<\/strong> &#8211;<strong>18 noiembrie 2023<\/strong>. Pentru a v\u0103 \u00eenscrie, v\u0103 rug\u0103m s\u0103 accesa\u021bi urm\u0103torul link: <a href=\"https:\/\/forms.gle\/LcZ7FCZjdxY5RD9i6\">https:\/\/forms.gle\/LcZ7FCZjdxY5RD9i6<\/a><\/p>\r\n<hr class=\"wp-block-separator has-text-color has-background has-vivid-green-cyan-background-color has-vivid-green-cyan-color is-style-wide\" \/><\/div><\/div>\r\n\r\n\r\n\r\n<p><strong>ANUN\u021a<\/strong> Conferin\u021ba na\u021bional\u0103 anual\u0103 a Societ\u0103\u021bii de Geografie din Rom\u00e2nia, <strong>2-4 iunie 2023,<\/strong> Constan\u021ba <a href=\"https:\/\/nl.geo-sgr.ro\/...\/0d049457978d2c0228d3e58e27c6e89d\">https:\/\/nl.geo-sgr.ro\/&#8230;\/0d049457978d2c0228d3e58e27c6e89d<\/a><\/p>\r\n\r\n\r\n<hr class=\"wp-block-separator has-text-color has-background has-vivid-green-cyan-background-color has-vivid-green-cyan-color is-style-wide\" \/>\r\n\r\n\r\n<p><strong>ANUN\u021a <\/strong>S\u00e2mb\u0103ta, 13 mai 2023, <a href=\"https:\/\/www.facebook.com\/profile.php?id=100063653552843&amp;__cft__[0]=AZUL2ifr77UFJWzN-FCT_UZQZwzPamzFwIavGIv2ET_W9vyUPPMaOSGXcaYdtiN_WS42YXns5pSd1VLoiR27J1bLrLaYupLd2ipJTFId3gaiyaX6y4_dXGtgBSA-YOHeLrGEDwqb-70P7eAuFrUl3Zur3vPhNYzs2JYcbLorJbSpRDlXyujVjJ7nadwWnCqg5z8&amp;__tn__=-]K-R\">Inspectoratul \u0218colar Jude\u021bean Arge\u0219<\/a> , va organiza etapa jude\u021bean\u0103 a Concursului Na\u021bional ,,Terra &#8220;- Mica Olimpiada de Geografie pentru clasele V-VII, edi\u021bia a X-a. Gazda competi\u021biei va fi \u0218coala Gimnazial\u0103 ,,Mihai Eminescu &#8221; Pite\u0219ti.<\/p>\r\n\r\n\r\n<hr class=\"wp-block-separator has-text-color has-background has-vivid-green-cyan-background-color has-vivid-green-cyan-color is-style-wide\" \/>\r\n\r\n\r\n<p><strong>ANUN\u021a <\/strong>Concursul interjude\u021bean de geografie \u201eTerra de la poveste la realitate\u201d pentru clasele V-VII, etapa jude\u021bean\u0103 pentru clasele V-VII, etapa jude\u021bean\u0103 se va desf\u0103\u0219ura s\u00e2mb\u0103t\u0103, <strong>29 aprilie 2023<\/strong>, \u00eencep\u00e2nd cu ora 09.00, \u00een centrul de concurs de la \u0218coala Gimnazial\u0103 \u201dTudor Mu\u0219atescu\u201d, Pite\u0219ti.<\/p>\r\n\r\n\r\n<hr class=\"wp-block-separator has-text-color has-background has-vivid-green-cyan-background-color has-vivid-green-cyan-color is-style-wide\" \/>\r\n\r\n\r\n<p><strong>COMUNICAT<\/strong> Congresul Societ\u0103\u021bii de Geografie din Rom\u00e2nia<strong>1 aprilie 2023<\/strong>, Bra\u0219ov, CN Andrei \u0218aguna <a href=\"https:\/\/l.facebook.com\/l.php?u=http%3A%2F%2Fwww.geo-sgr.ro%2F%3Ffbclid%3DIwAR0uVkMX6kelZJ0z8r8ufhgRn94Su3zgk0GYhw7ajC8UpThva8mr1Sl5F9A&amp;h=AT3o-6OkP2scCyQUtO6UobmWbit4PW5tEU_7nitRsF4Nsull7VupL-oZBWIf1NBMkHxmh68Y-8GMa7PuOrB0FuZ6Iy8sXLyplFGSYWg8IVfOC9XKsZEtLY-4eNmPt0ilnkK8k8bGv6A9xg7v2cPY&amp;__tn__=-UK-R&amp;c[0]=AT2EfcRXk-y1k1Mtc0bqmjk2Hx6UpcKI6rRtjtsvuz1lqgRRL15Vxjw5gDg5FKOrZtU_Gy4m4jCbnW8pNUE1-srwx-1A6lhe9NT72fRsnYC_Y6vJ8IxkPSfw2QtGYIOtpHStcgKZuHy7BLQd-UHXN_EL-emBRY7Vyj6Flcar5xpjpyZeOTsvRljCELx1naeCGCpG7-vIhJ66\" target=\"_blank\" rel=\"noreferrer noopener\">www.geo-sgr.ro<\/a><\/p>\r\n\r\n\r\n<hr class=\"wp-block-separator has-text-color has-background has-vivid-green-cyan-background-color has-vivid-green-cyan-color is-style-wide\" \/>\r\n\r\n\r\n<p><strong>Circulara<\/strong> 2 | CONGRES SGR \u2013 1 aprilie 2023, Brasov <a href=\"https:\/\/geo-sgr.ro\/circulara-2-congres-sgr-1-aprilie...\/\">https:\/\/geo-sgr.ro\/circulara-2-congres-sgr-1-aprilie&#8230;\/<\/a><\/p>\r\n\r\n\r\n<hr class=\"wp-block-separator has-text-color has-background has-vivid-green-cyan-background-color has-vivid-green-cyan-color is-style-wide\" \/>\r\n\r\n\r\n<p><strong>ANUN\u021a<\/strong> Sesiune omagial\u0103 dedicat\u0103 geografului francez Emmanuel de Martonne &#8211; joi, <strong>30 martie 2023<\/strong>, la Academia Rom\u00e2n\u0103 <a href=\"https:\/\/www.agerpres.ro\/...\/sesiune-omagiala-dedicata...\">https:\/\/www.agerpres.ro\/&#8230;\/sesiune-omagiala-dedicata&#8230;<\/a><\/p>\r\n\r\n\r\n<hr class=\"wp-block-separator has-text-color has-background has-vivid-green-cyan-background-color has-vivid-green-cyan-color is-style-wide\" \/>\r\n\r\n\r\n<p><strong>ANUN\u021a <\/strong>Olimpiada \u201e\u0218tiin\u021bele P\u0103m\u00e2ntului\u201d \u2013 se desf\u0103\u0219oar\u0103 \u00een data de 1<strong>3 martie 2022<\/strong>, la Liceul Tehnologic \u201eDacia\u201d Pite\u015fti, \u00eencep\u00e2nd cu ora 10:00.<\/p>\r\n\r\n\r\n<hr class=\"wp-block-separator has-text-color has-background has-vivid-green-cyan-background-color has-vivid-green-cyan-color is-style-wide\" \/>\r\n\r\n\r\n<p><strong>ANUN\u021a<\/strong> Concursul na\u021bional TERRA \u2013 MICA OLIMPIAD\u0102 DE GEOGRAFIE pentru clasele V-VII, Edi\u021bia a IX-a \u2013 etapa jude\u021bean\u0103 se va desf\u0103\u0219ura s\u00e2mb\u0103t\u0103,\u00a0<strong>25 martie 2023<\/strong>, \u00eencep\u00e2nd cu ora\u00a0<strong>09.00<\/strong>, \u00een\u00a0<strong>centrul de concurs<\/strong>\u00a0de la \u0218coala Gimnazial\u0103 \u201dI.L. Caragiale\u201d, Pite\u0219ti. Regulamentul si Bibliografia 2023 ale Concursului TERRA se afl\u0103 pe site-ul oficial \u00a0<a href=\"http:\/\/www.concursterra.ro\/\">www.concursterra.ro<\/a><\/p>\r\n\r\n\r\n<hr class=\"wp-block-separator has-text-color has-background has-vivid-green-cyan-background-color has-vivid-green-cyan-color is-style-wide\" \/>","protected":false},"excerpt":{"rendered":"<p>ANUN\u021a INFORMARE. A fost aprobat proiectul ERASMUS, Eco-Digital. Competente digitale pentru protec\u021bia mediului in r\u00e2ndul adul\u021bilor cu num\u0103rul de referin\u021b\u0103: &hellip; <\/p>\n","protected":false},"author":1,"featured_media":0,"parent":0,"menu_order":0,"comment_status":"closed","ping_status":"closed","template":"","meta":{"_themeisle_gutenberg_block_has_review":false,"footnotes":""},"class_list":["post-572","page","type-page","status-publish","hentry"],"_links":{"self":[{"href":"https:\/\/sgr-arges.ro\/index.php\/wp-json\/wp\/v2\/pages\/572","targetHints":{"allow":["GET"]}}],"collection":[{"href":"https:\/\/sgr-arges.ro\/index.php\/wp-json\/wp\/v2\/pages"}],"about":[{"href":"https:\/\/sgr-arges.ro\/index.php\/wp-json\/wp\/v2\/types\/page"}],"author":[{"embeddable":true,"href":"https:\/\/sgr-arges.ro\/index.php\/wp-json\/wp\/v2\/users\/1"}],"replies":[{"embeddable":true,"href":"https:\/\/sgr-arges.ro\/index.php\/wp-json\/wp\/v2\/comments?post=572"}],"version-history":[{"count":23,"href":"https:\/\/sgr-arges.ro\/index.php\/wp-json\/wp\/v2\/pages\/572\/revisions"}],"predecessor-version":[{"id":1292,"href":"https:\/\/sgr-arges.ro\/index.php\/wp-json\/wp\/v2\/pages\/572\/revisions\/1292"}],"wp:attachment":[{"href":"https:\/\/sgr-arges.ro\/index.php\/wp-json\/wp\/v2\/media?parent=572"}],"curies":[{"name":"wp","href":"https:\/\/api.w.org\/{rel}","templated":true}]}}