{"id":318,"date":"2022-11-18T14:46:31","date_gmt":"2022-11-18T14:46:31","guid":{"rendered":"https:\/\/sgr-arges.ro\/?page_id=318"},"modified":"2023-06-22T20:20:34","modified_gmt":"2023-06-22T20:20:34","slug":"simpozion-2022","status":"publish","type":"page","link":"https:\/\/sgr-arges.ro\/index.php\/simpozion-2022\/","title":{"rendered":"Simpozion 2022"},"content":{"rendered":"\n<p>Ajuns\u0103 la a II-a sa edi\u021bie, manifestarea <strong>SIMPOZIONULUI JUDE\u021aEAN \u201eNICOLAE LAZ\u0102R\u201d<\/strong>, organizat\u0103 de ISJ ARGE\u0218, SGR &#8211; FILIALA ARGE\u0218, CCD ARGE\u0218, PALATUL COPIILOR PITE\u0218TI \u0219i COLEGIUL NA\u021aIONAL \u201eI.C.BR\u0102TIANU\u201d PITE\u0218TI, s- a desf\u0103\u0219urat ast\u0103zi 19 noiembrie 2022 \u00een Sala Amfiteatru a Colegiului Na\u021bional \u201eI.C.Br\u0103tianu\u201d. <\/p>\n\n\n\n<p>Tema simpozionului din acest an a fost una de actualitate \u201eCombaterea schimb\u0103rilor climatice-cerin\u021b\u0103 imperativ\u0103 pentru viitor!\u201dDeschiderea festiv\u0103 a manifest\u0103rii a fost onorat\u0103 de prezen\u0163a distin\u015filor invita\u0163i: Prof.Mihaela Alexandru- inspector general, Ministerul Educa\u021biei; Prof.Sebastian Florescu- Inspectoratul \u0218colar Jude\u021bean Arge\u0219;  Prof. Florica Dumitru &#8211; director Colegiul Na\u021bional \u201dIon C. Br\u0103tianu\u201d, Pite\u0219ti.<\/p>\n\n\n\n<p>Lucr\u0103rile simpozionului s-au desf\u0103\u015furat pe <strong>patru sec\u0163iuni:<\/strong><\/p>\n\n\n\n<p>&#8211; Studii \u0219i cercet\u0103ri fizico-geografice;<\/p>\n\n\n\n<p>&#8211; Caracteristici \u0219i provoc\u0103ri socio-demografice, politice \u0219i economice actuale;<\/p>\n\n\n\n<p>&#8211; Urgen\u021ba climatic\u0103, un S.O.S. actual;<\/p>\n\n\n\n<p>&#8211; Didactica Geografiei: Resurse educationale deschise. <\/p>\n\n\n\n<p>\u00cen cadrul sec\u0163iunilor au fost prezentate comunic\u0103ri de c\u0103tre participan\u0163ii simpozionului. Toate comunic\u0103rile vor fi culese \u00eentr-un volum dedicat Simpozionului. Acesta va con\u0163ine at\u00e2t publica\u0163iile participan\u0163ilor prezen\u0163i la simpozion, c\u00e2t \u015fi ale celor care, din motive obiective, nu au putut fi prezen\u0163i, dar au \u00eenaintat lucrarea spre publicare.<\/p>\n\n\n\n<figure class=\"wp-block-image size-large is-style-default\"><img loading=\"lazy\" decoding=\"async\" width=\"724\" height=\"1024\" src=\"https:\/\/sgr-arges.ro\/wp-content\/uploads\/2022\/11\/19-NOIEMBRIE-2022-CANVA-1-724x1024.jpg\" alt=\"\" class=\"wp-image-359\" srcset=\"https:\/\/sgr-arges.ro\/wp-content\/uploads\/2022\/11\/19-NOIEMBRIE-2022-CANVA-1-724x1024.jpg 724w, https:\/\/sgr-arges.ro\/wp-content\/uploads\/2022\/11\/19-NOIEMBRIE-2022-CANVA-1-212x300.jpg 212w, https:\/\/sgr-arges.ro\/wp-content\/uploads\/2022\/11\/19-NOIEMBRIE-2022-CANVA-1-768x1086.jpg 768w, https:\/\/sgr-arges.ro\/wp-content\/uploads\/2022\/11\/19-NOIEMBRIE-2022-CANVA-1-1086x1536.jpg 1086w, https:\/\/sgr-arges.ro\/wp-content\/uploads\/2022\/11\/19-NOIEMBRIE-2022-CANVA-1-1448x2048.jpg 1448w, https:\/\/sgr-arges.ro\/wp-content\/uploads\/2022\/11\/19-NOIEMBRIE-2022-CANVA-1-scaled.jpg 1810w\" sizes=\"auto, (max-width: 724px) 100vw, 724px\" \/><\/figure>\n","protected":false},"excerpt":{"rendered":"<p>Ajuns\u0103 la a II-a sa edi\u021bie, manifestarea SIMPOZIONULUI JUDE\u021aEAN \u201eNICOLAE LAZ\u0102R\u201d, organizat\u0103 de ISJ ARGE\u0218, SGR &#8211; FILIALA ARGE\u0218, CCD &hellip; <\/p>\n","protected":false},"author":1,"featured_media":0,"parent":0,"menu_order":7,"comment_status":"closed","ping_status":"closed","template":"","meta":{"_themeisle_gutenberg_block_has_review":false,"footnotes":""},"class_list":["post-318","page","type-page","status-publish","hentry"],"_links":{"self":[{"href":"https:\/\/sgr-arges.ro\/index.php\/wp-json\/wp\/v2\/pages\/318","targetHints":{"allow":["GET"]}}],"collection":[{"href":"https:\/\/sgr-arges.ro\/index.php\/wp-json\/wp\/v2\/pages"}],"about":[{"href":"https:\/\/sgr-arges.ro\/index.php\/wp-json\/wp\/v2\/types\/page"}],"author":[{"embeddable":true,"href":"https:\/\/sgr-arges.ro\/index.php\/wp-json\/wp\/v2\/users\/1"}],"replies":[{"embeddable":true,"href":"https:\/\/sgr-arges.ro\/index.php\/wp-json\/wp\/v2\/comments?post=318"}],"version-history":[{"count":5,"href":"https:\/\/sgr-arges.ro\/index.php\/wp-json\/wp\/v2\/pages\/318\/revisions"}],"predecessor-version":[{"id":611,"href":"https:\/\/sgr-arges.ro\/index.php\/wp-json\/wp\/v2\/pages\/318\/revisions\/611"}],"wp:attachment":[{"href":"https:\/\/sgr-arges.ro\/index.php\/wp-json\/wp\/v2\/media?parent=318"}],"curies":[{"name":"wp","href":"https:\/\/api.w.org\/{rel}","templated":true}]}}