{"id":23,"date":"2021-02-12T23:38:09","date_gmt":"2021-02-12T23:38:09","guid":{"rendered":"https:\/\/sgr-arges.ro\/index.php\/home\/"},"modified":"2025-12-07T12:05:08","modified_gmt":"2025-12-07T12:05:08","slug":"home","status":"publish","type":"page","link":"https:\/\/sgr-arges.ro\/","title":{"rendered":"SGR Arge\u0219"},"content":{"rendered":"\r\n<blockquote class=\"wp-block-quote is-layout-flow wp-block-quote-is-layout-flow\">\r\n<p><em>,,Geografia este aceast\u0103 \u0219tiin\u021b\u0103 sublim\u0103 care cite\u0219te \u00een cer imaginea P\u0103m\u00e2ntului\u201d<\/em><\/p>\r\n<cite>\u00a0 \u00a0 \u00a0 \u00a0 \u00a0 \u00a0 \u00a0 \u00a0 \u00a0 \u00a0 \u00a0 \u00a0 \u00a0 \u00a0 \u00a0 \u00a0 \u00a0 \u00a0 \u00a0 \u00a0 \u00a0 \u00a0 \u00a0 \u00a0 \u00a0 \u00a0 \u00a0 \u00a0 \u00a0 \u00a0 \u00a0 \u00a0 \u00a0 \u00a0 \u00a0 \u00a0 \u00a0 \u00a0 \u00a0 \u00a0 \u00a0 \u00a0 \u00a0 \u00a0 \u00a0 \u00a0 \u00a0 \u00a0 \u00a0 \u00a0 \u00a0 \u00a0 \u00a0 \u00a0 Claudius Ptolemeus<\/cite><\/blockquote>\r\n\r\n\r\n\r\n<figure class=\"wp-block-image size-large\"><img loading=\"lazy\" decoding=\"async\" class=\"aligncenter wp-image-1761 size-full\" src=\"https:\/\/sgr-arges.ro\/wp-content\/uploads\/2025\/12\/logosocietatea-de-geografie-1.png\" alt=\"\" width=\"500\" height=\"500\" srcset=\"https:\/\/sgr-arges.ro\/wp-content\/uploads\/2025\/12\/logosocietatea-de-geografie-1.png 500w, https:\/\/sgr-arges.ro\/wp-content\/uploads\/2025\/12\/logosocietatea-de-geografie-1-300x300.png 300w, https:\/\/sgr-arges.ro\/wp-content\/uploads\/2025\/12\/logosocietatea-de-geografie-1-150x150.png 150w, https:\/\/sgr-arges.ro\/wp-content\/uploads\/2025\/12\/logosocietatea-de-geografie-1-70x70.png 70w, https:\/\/sgr-arges.ro\/wp-content\/uploads\/2025\/12\/logosocietatea-de-geografie-1-246x246.png 246w, https:\/\/sgr-arges.ro\/wp-content\/uploads\/2025\/12\/logosocietatea-de-geografie-1-276x276.png 276w, https:\/\/sgr-arges.ro\/wp-content\/uploads\/2025\/12\/logosocietatea-de-geografie-1-125x125.png 125w\" sizes=\"auto, (max-width: 500px) 100vw, 500px\" \/><\/figure>\r\n","protected":false},"excerpt":{"rendered":"<p>,,Geografia este aceast\u0103 \u0219tiin\u021b\u0103 sublim\u0103 care cite\u0219te \u00een cer imaginea P\u0103m\u00e2ntului\u201d \u00a0 \u00a0 \u00a0 \u00a0 \u00a0 \u00a0 \u00a0 \u00a0 \u00a0 &hellip; <\/p>\n","protected":false},"author":1,"featured_media":0,"parent":0,"menu_order":18,"comment_status":"closed","ping_status":"closed","template":"","meta":{"_themeisle_gutenberg_block_has_review":false,"footnotes":""},"class_list":["post-23","page","type-page","status-publish","hentry"],"_links":{"self":[{"href":"https:\/\/sgr-arges.ro\/index.php\/wp-json\/wp\/v2\/pages\/23","targetHints":{"allow":["GET"]}}],"collection":[{"href":"https:\/\/sgr-arges.ro\/index.php\/wp-json\/wp\/v2\/pages"}],"about":[{"href":"https:\/\/sgr-arges.ro\/index.php\/wp-json\/wp\/v2\/types\/page"}],"author":[{"embeddable":true,"href":"https:\/\/sgr-arges.ro\/index.php\/wp-json\/wp\/v2\/users\/1"}],"replies":[{"embeddable":true,"href":"https:\/\/sgr-arges.ro\/index.php\/wp-json\/wp\/v2\/comments?post=23"}],"version-history":[{"count":5,"href":"https:\/\/sgr-arges.ro\/index.php\/wp-json\/wp\/v2\/pages\/23\/revisions"}],"predecessor-version":[{"id":1763,"href":"https:\/\/sgr-arges.ro\/index.php\/wp-json\/wp\/v2\/pages\/23\/revisions\/1763"}],"wp:attachment":[{"href":"https:\/\/sgr-arges.ro\/index.php\/wp-json\/wp\/v2\/media?parent=23"}],"curies":[{"name":"wp","href":"https:\/\/api.w.org\/{rel}","templated":true}]}}