{"id":1847,"date":"2026-02-21T16:15:28","date_gmt":"2026-02-21T16:15:28","guid":{"rendered":"https:\/\/sgr-arges.ro\/index.php\/urmele-trecutului\/"},"modified":"2026-02-21T16:15:28","modified_gmt":"2026-02-21T16:15:28","slug":"urmele-trecutului","status":"publish","type":"page","link":"https:\/\/sgr-arges.ro\/index.php\/urmele-trecutului\/","title":{"rendered":"Urmele Trecutului"},"content":{"rendered":"    <div id=\"urmele-trecutului-container\">\n        <canvas id=\"particle-canvas\"><\/canvas>\n\n        <div id=\"intro-screen\">\n            <div class=\"intro-content\">\n                <h1 class=\"intro-title\"><\/h1>\n                <p class=\"intro-subtitle\">O c\u0103l\u0103torie interactiv\u0103 prin siturile arheologice din Rom\u00e2nia.<\/p>\n                <button id=\"intro-start-btn\">\n                    <span>\u00cencepe Explorarea<\/span>\n                    <svg width=\"24\" height=\"24\" viewBox=\"0 0 24 24\" fill=\"none\" xmlns=\"http:\/\/www.w3.org\/2000\/svg\">\n                        <path d=\"M12 5V19M12 19L19 12M12 19L5 12\" stroke=\"#1a1a1a\" stroke-width=\"2\" stroke-linecap=\"round\" stroke-linejoin=\"round\" \/>\n                    <\/svg>\n                <\/button>\n            <\/div>\n        <\/div>\n\n        <div class=\"logo-bar\">\n            <a href=\"#\">\n                <img decoding=\"async\" src=\"https:\/\/sgr-arges.ro\/wp-content\/plugins\/Site-Simpozionul-Nicolae-Lazar\/logo.png\" alt=\"Logo\" onerror=\"this.onerror=null; this.src='https:\/\/placehold.co\/150x40\/000000\/FFFFFF?text=LOGO';\">\n            <\/a>\n        <\/div>\n\n        <div class=\"section-counter\">\n            <span id=\"counter-current\">00<\/span>\n            <span class=\"counter-divider\">\/<\/span>\n            <span id=\"counter-total\">00<\/span>\n        <\/div>\n\n        <div id=\"scrollscape-app\"><\/div>\n\n        <div id=\"outro-screen\">\n            <div class=\"outro-content\">\n                <h1 class=\"outro-title\"><\/h1>\n                <p class=\"outro-subtitle\">A\u021bi parcurs o mic\u0103 parte din bogata tapiserie a istoriei. Urmele trecutului sunt peste tot, a\u0219tept\u00e2nd s\u0103 fie descoperite.<\/p>\n                <div class=\"outro-buttons\">\n                    <button id=\"outro-restart-btn\">\n                        <span>Reia Turul<\/span>\n                    <\/button>\n                    <a href=\"https:\/\/ro.wikipedia.org\/wiki\/Sit_arheologic\" target=\"_blank\" rel=\"noopener\" id=\"outro-learn-more-btn\">\n                        <span>Afl\u0103 Mai Mult<\/span>\n                    <\/a>\n                <\/div>\n            <\/div>\n        <\/div>\n    <\/div>\n\n    <script>\n        \/\/ Set global variable for image paths\n        window.URMELE_PLUGIN_URL = 'https:\/\/sgr-arges.ro\/wp-content\/plugins\/Site-Simpozionul-Nicolae-Lazar\/';\n    <\/script>\n\n\n\n    \n","protected":false},"excerpt":{"rendered":"","protected":false},"author":1,"featured_media":0,"parent":0,"menu_order":0,"comment_status":"closed","ping_status":"closed","template":"","meta":{"_themeisle_gutenberg_block_has_review":false,"footnotes":""},"class_list":["post-1847","page","type-page","status-publish","hentry"],"_links":{"self":[{"href":"https:\/\/sgr-arges.ro\/index.php\/wp-json\/wp\/v2\/pages\/1847","targetHints":{"allow":["GET"]}}],"collection":[{"href":"https:\/\/sgr-arges.ro\/index.php\/wp-json\/wp\/v2\/pages"}],"about":[{"href":"https:\/\/sgr-arges.ro\/index.php\/wp-json\/wp\/v2\/types\/page"}],"author":[{"embeddable":true,"href":"https:\/\/sgr-arges.ro\/index.php\/wp-json\/wp\/v2\/users\/1"}],"replies":[{"embeddable":true,"href":"https:\/\/sgr-arges.ro\/index.php\/wp-json\/wp\/v2\/comments?post=1847"}],"version-history":[{"count":0,"href":"https:\/\/sgr-arges.ro\/index.php\/wp-json\/wp\/v2\/pages\/1847\/revisions"}],"wp:attachment":[{"href":"https:\/\/sgr-arges.ro\/index.php\/wp-json\/wp\/v2\/media?parent=1847"}],"curies":[{"name":"wp","href":"https:\/\/api.w.org\/{rel}","templated":true}]}}