{"id":170,"date":"2021-04-04T18:08:16","date_gmt":"2021-04-04T18:08:16","guid":{"rendered":"https:\/\/sgr-arges.ro\/index.php\/concursuri\/concursul-de-geografie-ionel-tuta-2\/"},"modified":"2023-01-10T21:44:16","modified_gmt":"2023-01-10T21:44:16","slug":"prezentare-regulament","status":"publish","type":"page","link":"https:\/\/sgr-arges.ro\/index.php\/concursul-de-geografie-ionel-tuta-2023-2\/prezentare-regulament\/","title":{"rendered":"Prezentare, regulament"},"content":{"rendered":"\n<hr class=\"wp-block-separator\"\/>\n\n\n\n<div class=\"wp-block-image\"><figure class=\"aligncenter size-large\"><img decoding=\"async\" src=\"https:\/\/scoala11.eu\/wp-content\/uploads\/2021\/01\/tuta2021-1024x536.png\" alt=\"\" class=\"wp-image-36289\"\/><\/figure><\/div>\n\n\n\n<hr class=\"wp-block-separator\"\/>\n\n\n\n<div class=\"wp-block-image\"><figure class=\"aligncenter is-resized\"><img loading=\"lazy\" decoding=\"async\" src=\"https:\/\/scoala11.eu\/wp-content\/uploads\/2019\/02\/Ionel-\u00c8\u009au\u00c8\u009b\u00c4\u0083-1.jpg\" alt=\"\" class=\"wp-image-15340\" width=\"300\" height=\"414\"\/><figcaption>Ionel \u021aU\u021a\u0102<\/figcaption><\/figure><\/div>\n\n\n\n<hr class=\"wp-block-separator\"\/>\n\n\n\n<p class=\"has-text-align-center\"><em><strong>Acolo sus pe bolt\u0103 &#8230;<\/strong> <\/em><\/p>\n\n\n\n<p class=\"has-text-align-center\"><em> Din alchimii astrale<br> S-a mai n\u0103scut o stea<br> Clipind u\u0219or cu jale<br> \u00cen amintirea ta.<br> Acolo sus pe bolt\u0103<br> Pierdut\u0103-n univers<br> Cu gra\u021bie suav\u0103<br> Ca ultimul t\u0103u vers<br> Cu p\u00e2lp\u00e2iri de inimi<br> Oprite-n miez de noapte<br> Cuvinte nerostite<br> Din filele de carte<br> Acolo sus pe bolt\u0103<br> Printre t\u0103rii celeste<br> Clipe\u0219te singuratic<br><\/em> <em>\u0218i steaua ta MAESTRE.<\/em><br><\/p>\n\n\n\n<p class=\"has-text-align-right\"><strong> <\/strong><em><strong>Prof. Ionel \u021au\u021b\u0103<br> Aripi, nr. 11\/1999 , Serie nou\u0103.<\/strong><\/em><\/p>\n\n\n\n<hr class=\"wp-block-separator\"\/>\n\n\n\n<p><strong>Concursul &nbsp;de Geografie \u201eIonel \u021au\u021b\u0103\u201d<\/strong> ,<strong> se adreseaz\u0103 elevilor din clasele IV-IX ,<\/strong> av\u00e2nd ca obiectiv general promovarea ideii de competi\u0163ie, performan\u021b\u0103 \u00een studiul disciplinei geografiei locale, regionale, na\u021bionale \u0219i mondiale, precum \u0219i dezvoltarea competen\u021belor de investigare (observare, analiz\u0103, interpretare), aspecte de logic\u0103 geografic\u0103 (compara\u021bii, deduc\u021bii), lucru cu harta.<\/p>\n\n\n\n<p class=\"has-cyan-bluish-gray-background-color has-background\"><strong>Sec\u0163iunile concursului:<\/strong> <\/p>\n\n\n\n<p>Concursul va fi individual \u0219i are o singur\u0103 sec\u021biune, prob\u0103 teoretic\u0103 de testare a cuno\u015ftin\u0163elor asimilate la:&nbsp;&nbsp;&nbsp;&nbsp;&nbsp;&nbsp;&nbsp;&nbsp;&nbsp;&nbsp;&nbsp;&nbsp;&nbsp;&nbsp;&nbsp;&nbsp;&nbsp;&nbsp;&nbsp;&nbsp;&nbsp;<\/p>\n\n\n\n<p><strong>&#8211; <\/strong>Geografia Rom\u00e2niei, pentru clasa a IV-a<br><strong>&#8211; <\/strong>Geografia General\u0103, pentru clasa a V-a<br><strong>&#8211; <\/strong>Geografia Europei, pentru clasa a VI-a<br><strong>&#8211; <\/strong>Geografia Continentelor Extraeuropene, pentru clasa a VII-a<br><strong>&#8211; <\/strong>Geografia Rom\u00e2niei, pentru clasa a VIII-a<br><strong>&#8211;<\/strong> Geografia General\u0103, pentru clasa a IX-a<\/p>\n\n\n\n<p class=\"has-cyan-bluish-gray-background-color has-background\"><strong>Tematica pentru concurs:<\/strong><\/p>\n\n\n\n<ul class=\"wp-block-list\"><li>Clasa a IV-a: Capitolele: <\/li><\/ul>\n\n\n\n<p>1. \u201dElemente de geografie a orizontului apropiat \u0219i local\u201d<br>2. \u201dElemente de geografie general\u0103 a Rom\u00e2niei<\/p>\n\n\n\n<ul class=\"wp-block-list\"><li>Clasa a V- a: Capitolele: <\/li><\/ul>\n\n\n\n<p>1. \u201dTerra, o planet\u0103 a Universului\u201d&nbsp;&nbsp;&nbsp;&nbsp;&nbsp;&nbsp;&nbsp;&nbsp;&nbsp;&nbsp;&nbsp;&nbsp;&nbsp;&nbsp;&nbsp;&nbsp;&nbsp;&nbsp;&nbsp;&nbsp;&nbsp;&nbsp;&nbsp;&nbsp;&nbsp; &nbsp;&nbsp;&nbsp;&nbsp;<br>2. \u201dTerra, o planet\u0103 \u00een mi\u0219care\u201d<br>3. \u201dLitosfera\u201d<\/p>\n\n\n\n<ul class=\"wp-block-list\"><li>Clasa a VI- a: Capitolele: <\/li><\/ul>\n\n\n\n<p>1. \u201dCunoa\u0219terea lumii \u00een care tr\u0103im\u201d<br>2. \u201dAntroposfera. Omul \u0219i activit\u0103\u021bile umane\u201d<\/p>\n\n\n\n<ul class=\"wp-block-list\"><li>Clasa a VII- a: Capitolele: <\/li><\/ul>\n\n\n\n<p>1. \u201dAsia &#8211; caracterizare geografic\u0103 general\u0103\u201d<\/p>\n\n\n\n<ul class=\"wp-block-list\"><li>Clasa a VIII- a: Capitolele: &nbsp;<\/li><\/ul>\n\n\n\n<p>1. Rom\u00e2nia -\u201cCoordonate Europene\u201d&nbsp;&nbsp;&nbsp;&nbsp;&nbsp;&nbsp;&nbsp;&nbsp;&nbsp;&nbsp;&nbsp;&nbsp;&nbsp;&nbsp;&nbsp;&nbsp;&nbsp;&nbsp;&nbsp;&nbsp;&nbsp;&nbsp;&nbsp;&nbsp;&nbsp;&nbsp;&nbsp;&nbsp;&nbsp;&nbsp;&nbsp;&nbsp;&nbsp;&nbsp; <br>2. Rom\u00e2nia &#8211; \u201dRelieful\u201d&nbsp;&nbsp;&nbsp;&nbsp;&nbsp;&nbsp;&nbsp;&nbsp;&nbsp;<br>3. Rom\u00e2nia &#8211; \u201dClima\u201d&nbsp;&nbsp;&nbsp;&nbsp;&nbsp;&nbsp;&nbsp;&nbsp;&nbsp; &nbsp;&nbsp;&nbsp;&nbsp;<\/p>\n\n\n\n<ul class=\"wp-block-list\"><li>&nbsp;Clasa a IX-a : Capitolele: <\/li><\/ul>\n\n\n\n<p>1. \u201dP\u0103m\u00e2ntul &#8211; o entitate a Universului\u201d&nbsp;&nbsp;&nbsp;&nbsp;&nbsp;&nbsp;&nbsp;&nbsp;&nbsp;&nbsp;&nbsp;&nbsp;&nbsp;&nbsp;&nbsp;&nbsp;&nbsp;&nbsp;&nbsp;&nbsp;&nbsp;&nbsp;&nbsp;&nbsp;&nbsp;&nbsp;&nbsp;&nbsp;&nbsp; &nbsp;&nbsp;&nbsp;&nbsp;&nbsp;&nbsp;&nbsp; <br>2. \u201dM\u0103surarea \u0219i reprezentarea spa\u021biului terestru\u201d<br>3. \u201dRelieful terestru\u201d<\/p>\n\n\n\n<p class=\"has-cyan-bluish-gray-background-color has-background\">&nbsp;&nbsp;&nbsp; &nbsp;&nbsp;<strong>Bibliografie:<\/strong><\/p>\n\n\n\n<p>Manualele alternative \u00een vigoare pentru anul \u0219colar \u00een curs, pentru clasele a IV-a, a V-a, a VI-a, a VII- a, a VIII- a, a IX-a.<\/p>\n\n\n\n<p class=\"has-cyan-bluish-gray-background-color has-background\"><strong>Desf\u0103\u0219urare concurs:<\/strong><\/p>\n\n\n\n<ul class=\"wp-block-list\"><li>Elevii inscri\u0219i primesc link-ul concursului vineri 19 februarie.<\/li><li>Concursul va \u00eencepe s\u00e2mb\u0103t\u0103 20 februarie la ora 10:00, moment \u00een care link-ul devine activ.<\/li><li>Concursul va dura 30 minute (10:00 \u2013 10:30)<\/li><li>Rezultatele se vor afi\u015fa \u00een dup\u0103-amiaza zilei respective.<\/li><li>Rezultatele finale vor fi afi\u0219ate \u0219i pe site-ul \u0218colii&nbsp; Gimnaziale ,,Mihai Eminescu\u201d-Pite\u0219ti.<\/li><\/ul>\n\n\n\n<p class=\"has-pale-cyan-blue-background-color has-background\">\u00censcrierea elevilor se realizeaz\u0103 de c\u0103tre profesorul coordonator, prin completarea formularului <a href=\"https:\/\/forms.gle\/f8qnLq8hPdbgbgBn6\">https:\/\/forms.gle\/f8qnLq8hPdbgbgBn6<\/a>&nbsp; pentru fiecare elev, p\u00e2n\u0103 la <strong><u>16 februarie 2021<\/u><\/strong><\/p>\n\n\n\n<p class=\"has-cyan-bluish-gray-background-color has-background\">&nbsp;&nbsp;&nbsp;&nbsp;&nbsp; <strong>&nbsp;<\/strong><strong>Regulament de participare<\/strong><\/p>\n\n\n\n<p>Particip\u0103 elevii din clasele a IV-a, elevii de gimnaziu (clasa a V-a, a VI-a, a VII-a \u0219i a VIII-a) \u0219i din clasa a IX\u2013a liceu.<\/p>\n\n\n\n<p>Elevii participan\u021bi primesc pe adresa de e-mail link-ul concursului \u00een data de 19 februarie care va fi activ \u00eencep\u00e2nd cu ora 10:00 din data de 20 februarie \u0219i un cod de identificare pentru afi\u0219area rezultatelor \u0219i a premiilor.<\/p>\n\n\n\n<p>Nu se solicit\u0103 tax\u0103 de participare. <\/p>\n\n\n\n<p><strong>Persoan\u0103 de contact: Prof. Florescu Sebastian, 0740022089<\/strong><\/p>\n\n\n\n<hr class=\"wp-block-separator\"\/>\n\n\n\n<p><strong>CONCURS DE GEOGRAFIE  \u2013 ,,Ionel \u021au\u021b\u0103\u201d<\/strong>, <strong>Edi\u0163ia a VI-a (online)<\/strong><\/p>\n\n\n\n<p><strong>Tipul de proiect<em>:<\/em> Concurs de geografie: \u0219tiin\u021bific<\/strong><br><strong>Data de desf\u0103\u0219urare: 20.02.2021<\/strong><br><strong>Institu\u0163ia organizatoare: Societatea de Geografie din Rom\u00e2nia \u2013 Filiala Arge\u0219<\/strong>, <strong>Adresa:&nbsp;Str. Trivale, Nr. 80, Palatul Copiilor, Cam. Nr. 2, Pite\u015fti, Jud. Arge\u015f,<\/strong> <strong>Tel\/fax: 0248 219511<\/strong>, <strong>Email: concurs_ionel_tuta@yahoo.com<\/strong><br><strong>Parteneri\/colaboratori:<\/strong> <strong>\u0218coala Gimnazial\u0103 \u201dMihai Eminescu\u201d Pite\u0219ti<\/strong>, <strong>Asocia\u0163ia P\u0103rin\u0163ilor Elevilor \u0218colii \u201eMihai Eminescu\u201c Pite\u015fti&nbsp; (APESMEP)<\/strong>, <strong>institu\u021bii de \u00eenv\u0103\u021b\u0103m\u00e2nt din jude\u021b participante<\/strong><\/p>\n\n\n\n<hr class=\"wp-block-separator\"\/>\n\n\n\n<p class=\"has-cyan-bluish-gray-background-color has-background\">Modele de subiecte din anii anteriori<\/p>\n\n\n<a href=\"https:\/\/sgr-arges.ro\/wp-content\/uploads\/2021\/04\/IonelTutaVclasa4.pdf\" class=\"pdfemb-viewer\" style=\"\" data-width=\"max\" data-height=\"max\" data-toolbar=\"bottom\" data-toolbar-fixed=\"off\">IonelTutaVclasa4<\/a>\n<p class=\"wp-block-pdfemb-pdf-embedder-viewer\"><\/p>\n\n\n<a href=\"https:\/\/sgr-arges.ro\/wp-content\/uploads\/2021\/04\/IonelTutaVclasa5.pdf\" class=\"pdfemb-viewer\" style=\"\" data-width=\"max\" data-height=\"max\" data-toolbar=\"bottom\" data-toolbar-fixed=\"off\">IonelTutaVclasa5<\/a>\n<p class=\"wp-block-pdfemb-pdf-embedder-viewer\"><\/p>\n\n\n<a href=\"https:\/\/sgr-arges.ro\/wp-content\/uploads\/2021\/04\/IonelTutaVclasa6.pdf\" class=\"pdfemb-viewer\" style=\"\" data-width=\"max\" data-height=\"max\" data-toolbar=\"bottom\" data-toolbar-fixed=\"off\">IonelTutaVclasa6<\/a>\n<p class=\"wp-block-pdfemb-pdf-embedder-viewer\"><\/p>\n\n\n<a href=\"https:\/\/sgr-arges.ro\/wp-content\/uploads\/2021\/04\/IonelTutaVclasa7.pdf\" class=\"pdfemb-viewer\" style=\"\" data-width=\"max\" data-height=\"max\" data-toolbar=\"bottom\" data-toolbar-fixed=\"off\">IonelTutaVclasa7<\/a>\n<p class=\"wp-block-pdfemb-pdf-embedder-viewer\"><\/p>\n","protected":false},"excerpt":{"rendered":"<p>Acolo sus pe bolt\u0103 &#8230; Din alchimii astrale S-a mai n\u0103scut o stea Clipind u\u0219or cu jale \u00cen amintirea ta. &hellip; <\/p>\n","protected":false},"author":1,"featured_media":0,"parent":460,"menu_order":0,"comment_status":"closed","ping_status":"closed","template":"","meta":{"_themeisle_gutenberg_block_has_review":false,"footnotes":""},"class_list":["post-170","page","type-page","status-publish","hentry"],"_links":{"self":[{"href":"https:\/\/sgr-arges.ro\/index.php\/wp-json\/wp\/v2\/pages\/170","targetHints":{"allow":["GET"]}}],"collection":[{"href":"https:\/\/sgr-arges.ro\/index.php\/wp-json\/wp\/v2\/pages"}],"about":[{"href":"https:\/\/sgr-arges.ro\/index.php\/wp-json\/wp\/v2\/types\/page"}],"author":[{"embeddable":true,"href":"https:\/\/sgr-arges.ro\/index.php\/wp-json\/wp\/v2\/users\/1"}],"replies":[{"embeddable":true,"href":"https:\/\/sgr-arges.ro\/index.php\/wp-json\/wp\/v2\/comments?post=170"}],"version-history":[{"count":1,"href":"https:\/\/sgr-arges.ro\/index.php\/wp-json\/wp\/v2\/pages\/170\/revisions"}],"predecessor-version":[{"id":176,"href":"https:\/\/sgr-arges.ro\/index.php\/wp-json\/wp\/v2\/pages\/170\/revisions\/176"}],"up":[{"embeddable":true,"href":"https:\/\/sgr-arges.ro\/index.php\/wp-json\/wp\/v2\/pages\/460"}],"wp:attachment":[{"href":"https:\/\/sgr-arges.ro\/index.php\/wp-json\/wp\/v2\/media?parent=170"}],"curies":[{"name":"wp","href":"https:\/\/api.w.org\/{rel}","templated":true}]}}